{"id":28,"date":"2013-10-25T08:41:16","date_gmt":"2013-10-25T08:41:16","guid":{"rendered":"http:\/\/perelloncs.com\/?page_id=28"},"modified":"2016-06-05T21:22:48","modified_gmt":"2016-06-05T21:22:48","slug":"documentacio","status":"publish","type":"page","link":"http:\/\/perelloncs.com\/es\/documentacio\/","title":{"rendered":"DOCUMENTACI\u00d3N"},"content":{"rendered":"<p>En este apartado se puede descargar documentaci\u00f3n de inter\u00e9s para el transporte de mercanc\u00edas peligrosas por carretera.<\/p>\n<ul>\n<li style=\"list-style-image: url('http:\/\/perelloncs.com\/wp-content\/uploads\/2015\/12\/icono-pdf.jpg'); border-bottom: solid; border-bottom-color: #ddd; margin-top: 10px;\">\n<h4><a title=\"ADR 2015\" href=\"http:\/\/perelloncs.com\/wp-content\/uploads\/2015\/02\/ADR2015perellon.pdf\" target=\"_blank\">ADR 2015<\/a><\/h4>\n<\/li>\n<li style=\"list-style-image: url('http:\/\/perelloncs.com\/wp-content\/uploads\/2015\/12\/icono-pdf.jpg'); border-bottom: solid; border-bottom-color: #ddd; margin-top: 10px;\">\n<h4><a href=\"http:\/\/perelloncs.com\/wp-content\/uploads\/2015\/03\/InstruccionesEscritasADR20152.pdf\" target=\"_blank\">Instrucciones Escritas ADR 2015<\/a><\/h4>\n<\/li>\n<li style=\"list-style-image: url('http:\/\/perelloncs.com\/wp-content\/uploads\/2015\/12\/icono-pdf.jpg'); border-bottom: solid; border-bottom-color: #ddd; margin-top: 10px;\">\n<h4><a href=\"http:\/\/perelloncs.com\/wp-content\/uploads\/2015\/05\/resolucio_int_3031_2014_cat.pdf\" target=\"_blank\">RESTRICCIONES TEMPORALES<\/a><\/h4>\n<\/li>\n<li style=\"list-style-image: url('http:\/\/perelloncs.com\/wp-content\/uploads\/2015\/12\/icono-pdf.jpg'); border-bottom: solid; border-bottom-color: #ddd; margin-top: 10px;\">\n<h4><a href=\"http:\/\/perelloncs.com\/wp-content\/uploads\/2014\/05\/port-de-barcelona-mercaderies-perilloses.pdf\" target=\"_blank\">PORT DE BARCELONA MERCADERIES PERILLOSES<\/a><\/h4>\n<\/li>\n<li style=\"list-style-image: url('http:\/\/perelloncs.com\/wp-content\/uploads\/2015\/12\/icono-pdf.jpg'); border-bottom: solid; border-bottom-color: #ddd; margin-top: 10px;\">\n<h4><a href=\"http:\/\/perelloncs.com\/wp-content\/uploads\/2014\/07\/MateriasNoAdmitidas.xlsx\">MATERIES NO ADMESES PER AL SEU ESTACIONAMENT AL PORT DE BARCELONA<\/a><\/h4>\n<\/li>\n<li style=\"list-style-image: url('http:\/\/perelloncs.com\/wp-content\/uploads\/2015\/12\/icono-pdf.jpg'); border-bottom: solid; border-bottom-color: #ddd; margin-top: 10px;\">\n<h4>CONVENIO CMR<\/h4>\n<\/li>\n<li style=\"list-style-image: url('http:\/\/perelloncs.com\/wp-content\/uploads\/2015\/12\/icono-pdf.jpg'); border-bottom: solid; border-bottom-color: #ddd; margin-top: 10px;\">\n<h4><a href=\"http:\/\/perelloncs.com\/imgsperellon\/Baremo_Sancionador_2013.pdf\" target=\"_blank\">BAREMO SANCIONADOR<\/a><\/h4>\n<\/li>\n<li style=\"list-style-image: url('http:\/\/perelloncs.com\/wp-content\/uploads\/2015\/12\/icono-pdf.jpg'); border-bottom: solid; border-bottom-color: #ddd; margin-top: 10px;\">\n<h4><a href=\"http:\/\/perelloncs.com\/wp-content\/uploads\/2015\/10\/CARTA-DE-PORTE.docx\" target=\"_blank\">CARTAS DE PORTE<\/a><\/h4>\n<\/li>\n<li style=\"list-style-image: url('http:\/\/perelloncs.com\/wp-content\/uploads\/2015\/12\/icono-pdf.jpg'); border-bottom: solid; border-bottom-color: #ddd; margin-top: 10px;\">\n<h4><a href=\"http:\/\/perelloncs.com\/wp-content\/uploads\/2015\/10\/1.1.3.6.pdf\" target=\"_blank\">1.1.3.6<\/a><\/h4>\n<\/li>\n<li style=\"list-style-image: url('http:\/\/perelloncs.com\/wp-content\/uploads\/2015\/12\/icono-pdf.jpg'); border-bottom: solid; border-bottom-color: #ddd; margin-top: 10px;\">\n<h4><a href=\"http:\/\/perelloncs.com\/wp-content\/uploads\/2015\/10\/LQ.pdf\" target=\"_blank\">L.Q.<\/a><\/h4>\n<\/li>\n<li style=\"list-style-image: url('http:\/\/perelloncs.com\/wp-content\/uploads\/2015\/12\/icono-pdf.jpg'); border-bottom: solid; border-bottom-color: #ddd; margin-top: 10px;\"><a href=\"http:\/\/perelloncs.com\/wp-content\/uploads\/2013\/10\/Exenci\u00f3nExtintores-1.pdf\">Exenci\u00f3n Extintores<\/a><\/li>\n<\/ul>\n<p><\/p>","protected":false},"excerpt":{"rendered":"<p>En este apartado se puede descargar documentaci\u00f3n de inter\u00e9s para el transporte de mercanc\u00edas peligrosas por carretera. ADR 2015 Instrucciones Escritas ADR 2015 RESTRICCIONES TEMPORALES PORT DE BARCELONA MERCADERIES PERILLOSES MATERIES NO ADMESES PER AL SEU ESTACIONAMENT AL PORT DE BARCELONA CONVENIO CMR BAREMO SANCIONADOR CARTAS DE PORTE 1.1.3.6 L.Q. Exenci\u00f3n Extintores<\/p>\n","protected":false},"author":1,"featured_media":0,"parent":0,"menu_order":3,"comment_status":"closed","ping_status":"closed","template":"","meta":[],"_links":{"self":[{"href":"http:\/\/perelloncs.com\/es\/wp-json\/wp\/v2\/pages\/28"}],"collection":[{"href":"http:\/\/perelloncs.com\/es\/wp-json\/wp\/v2\/pages"}],"about":[{"href":"http:\/\/perelloncs.com\/es\/wp-json\/wp\/v2\/types\/page"}],"author":[{"embeddable":true,"href":"http:\/\/perelloncs.com\/es\/wp-json\/wp\/v2\/users\/1"}],"replies":[{"embeddable":true,"href":"http:\/\/perelloncs.com\/es\/wp-json\/wp\/v2\/comments?post=28"}],"version-history":[{"count":31,"href":"http:\/\/perelloncs.com\/es\/wp-json\/wp\/v2\/pages\/28\/revisions"}],"predecessor-version":[{"id":510,"href":"http:\/\/perelloncs.com\/es\/wp-json\/wp\/v2\/pages\/28\/revisions\/510"}],"wp:attachment":[{"href":"http:\/\/perelloncs.com\/es\/wp-json\/wp\/v2\/media?parent=28"}],"curies":[{"name":"wp","href":"https:\/\/api.w.org\/{rel}","templated":true}]}}