{"id":30,"date":"2013-10-25T08:53:57","date_gmt":"2013-10-25T08:53:57","guid":{"rendered":"http:\/\/perelloncs.com\/?page_id=30"},"modified":"2016-04-13T08:24:14","modified_gmt":"2016-04-13T08:24:14","slug":"links","status":"publish","type":"page","link":"http:\/\/perelloncs.com\/es\/links\/","title":{"rendered":"LINKS"},"content":{"rendered":"<p><\/p>\n<div style=\"float: left;\"><img decoding=\"async\" loading=\"lazy\" class=\"alignleft\" src=\"http:\/\/perelloncs.com\/imgsperellon\/cisterna.jpg\" alt=\"\" width=\"198\" height=\"314\" \/><\/div>\n<div style=\"float: left;\">\n<ul>\n<li><a href=\"http:\/\/materialadr.com\">Tienda de Material ADR<\/a><\/li>\n<li><a href=\"http:\/www.mfom.es\" target=\"_blank\">Ministeri de Foment<\/a><\/li>\n<li><a href=\"http:\/www.gencat.cat\/transit\" target=\"_blank\">Servei catal\u00e0 de transit<\/a><\/li>\n<li><a href=\"http:\/\/XIMP.GENCAT.CAT\" target=\"_blank\">Aplicaci\u00f3 XIMP del Servei Catal\u00e0 de Tr\u00e0nsit<\/a><\/li>\n<li><a href=\"http:\/\/www.autoescuela-barcelona.com\/\" target=\"_blank\">Autoescola ZONA F\u00a0 \u00a0<\/a><br \/>\n<a style=\"font-size: 13px;\" href=\"http:\/\/www.autoescuela-barcelona.com\/\" target=\"_blank\"><img decoding=\"async\" loading=\"lazy\" class=\"alignnone size-full wp-image-132\" src=\"http:\/\/perelloncs.com\/wp-content\/uploads\/2013\/10\/logo-copia.png\" alt=\"logo copia\" width=\"66\" height=\"30\" \/><\/a><\/li>\n<li><a href=\"http:\/\/www.glovalmulticover.com\/\" target=\"_blank\">Gloval Multicover<\/a><br \/>\n<img decoding=\"async\" loading=\"lazy\" class=\"alignnone size-full wp-image-204\" src=\"http:\/\/perelloncs.com\/wp-content\/uploads\/2013\/10\/Glovalmulticover.jpg\" alt=\"Glovalmulticover\" width=\"119\" height=\"28\" \/><\/li>\n<li><a href=\"http:\/\/www.segurinfo.es\" target=\"_blank\">Segurinfo<\/a><\/li>\n<li><a href=\"http:\/\/www.inmesol.es\" target=\"_blank\">Inmesol<\/a><\/li>\n<\/ul>\n<\/div>\n<p><\/p>","protected":false},"excerpt":{"rendered":"<p>Tienda de Material ADR Ministeri de Foment Servei catal\u00e0 de transit Aplicaci\u00f3 XIMP del Servei Catal\u00e0 de Tr\u00e0nsit Autoescola ZONA F\u00a0 \u00a0 Gloval Multicover Segurinfo Inmesol<\/p>\n","protected":false},"author":1,"featured_media":0,"parent":0,"menu_order":4,"comment_status":"closed","ping_status":"closed","template":"","meta":[],"_links":{"self":[{"href":"http:\/\/perelloncs.com\/es\/wp-json\/wp\/v2\/pages\/30"}],"collection":[{"href":"http:\/\/perelloncs.com\/es\/wp-json\/wp\/v2\/pages"}],"about":[{"href":"http:\/\/perelloncs.com\/es\/wp-json\/wp\/v2\/types\/page"}],"author":[{"embeddable":true,"href":"http:\/\/perelloncs.com\/es\/wp-json\/wp\/v2\/users\/1"}],"replies":[{"embeddable":true,"href":"http:\/\/perelloncs.com\/es\/wp-json\/wp\/v2\/comments?post=30"}],"version-history":[{"count":26,"href":"http:\/\/perelloncs.com\/es\/wp-json\/wp\/v2\/pages\/30\/revisions"}],"predecessor-version":[{"id":469,"href":"http:\/\/perelloncs.com\/es\/wp-json\/wp\/v2\/pages\/30\/revisions\/469"}],"wp:attachment":[{"href":"http:\/\/perelloncs.com\/es\/wp-json\/wp\/v2\/media?parent=30"}],"curies":[{"name":"wp","href":"https:\/\/api.w.org\/{rel}","templated":true}]}}