{"id":304,"date":"2015-05-20T10:45:56","date_gmt":"2015-05-20T10:45:56","guid":{"rendered":"http:\/\/perelloncs.com\/?page_id=304"},"modified":"2015-12-01T18:07:13","modified_gmt":"2015-12-01T18:07:13","slug":"rutes-adr","status":"publish","type":"page","link":"http:\/\/perelloncs.com\/es\/rutes-adr\/","title":{"rendered":"RUTAS ADR"},"content":{"rendered":"<p><img decoding=\"async\" loading=\"lazy\" class=\"  wp-image-217 aligncenter\" src=\"http:\/\/perelloncs.com\/wp-content\/uploads\/2014\/12\/ximp.jpg\" alt=\"ximp\" width=\"423\" height=\"291\" srcset=\"http:\/\/perelloncs.com\/wp-content\/uploads\/2014\/12\/ximp.jpg 600w, http:\/\/perelloncs.com\/wp-content\/uploads\/2014\/12\/ximp-300x206.jpg 300w\" sizes=\"(max-width: 423px) 100vw, 423px\" \/><\/p>\n<hr \/>\n<p>Aplicaci\u00f3n del\u00a0Servei Catala de Tr\u00e0nsit para calcular las rutas de los veh\u00edculos que transporten MM.PP.<\/p>\n<p><a href=\"http:\/\/ximp.gencat.cat\/appximp\/\" target=\"_blank\">http:\/\/ximp.gencat.cat\/appximp\/<\/a><\/p>\n<p>Cuando genera la ruta le da un n\u00famero con un PDF que pod\u00e9is imprimir o apuntar y que en caso de que os paren los mossos, servir\u00e1 de justificante, impidiendo as\u00ed que os sancionen.<\/p>\n<h2>RUTAS ADR ESPA\u00d1A:<\/h2>\n<ul>\n<li><a href=\"http:\/\/perelloncs.com\/wp-content\/uploads\/2015\/12\/ULLDECONA-VALENCIA.pdf\" target=\"_blank\">ULLDECONA-VALENCIA<\/a><\/li>\n<li><a href=\"http:\/\/perelloncs.com\/wp-content\/uploads\/2015\/12\/SOSES-A-2-ARAGO.pdf\" target=\"_blank\">SOSES A-2 ARAG\u00d3N<\/a><\/li>\n<li><a href=\"http:\/\/perelloncs.com\/wp-content\/uploads\/2015\/12\/LES-FRANCE.pdf\" target=\"_blank\">LES-FRANCE<\/a><\/li>\n<li><a href=\"http:\/\/perelloncs.com\/wp-content\/uploads\/2015\/12\/LA-SEU-d\u00b4-URGELL-ANDORRA.pdf\" target=\"_blank\">LA SEU D&#8217;URGELL-ANDORRA<\/a><\/li>\n<li><a href=\"http:\/\/perelloncs.com\/wp-content\/uploads\/2015\/12\/LA-JONQUERA.pdf\" target=\"_blank\">LA JONQUERA<\/a><\/li>\n<li><a href=\"http:\/\/perelloncs.com\/wp-content\/uploads\/2015\/12\/GANDESA-ARAGO.pdf\" target=\"_blank\">GANDESA-ARAG\u00d3N<\/a><\/li>\n<li><a href=\"http:\/\/perelloncs.com\/wp-content\/uploads\/2015\/12\/ALMACELLES.pdf\" target=\"_blank\">ALMACELLES<\/a><\/li>\n<\/ul>\n<p>&nbsp;<\/p>","protected":false},"excerpt":{"rendered":"<p>Aplicaci\u00f3n del\u00a0Servei Catala de Tr\u00e0nsit para calcular las rutas de los veh\u00edculos que transporten MM.PP. http:\/\/ximp.gencat.cat\/appximp\/ Cuando genera la ruta le da un n\u00famero con un PDF que pod\u00e9is imprimir o apuntar y que en caso de que os paren los mossos, servir\u00e1 de justificante, impidiendo as\u00ed que os sancionen. RUTAS ADR ESPA\u00d1A: ULLDECONA-VALENCIA SOSES [&hellip;]<\/p>\n","protected":false},"author":1,"featured_media":0,"parent":0,"menu_order":2,"comment_status":"closed","ping_status":"closed","template":"","meta":[],"_links":{"self":[{"href":"http:\/\/perelloncs.com\/es\/wp-json\/wp\/v2\/pages\/304"}],"collection":[{"href":"http:\/\/perelloncs.com\/es\/wp-json\/wp\/v2\/pages"}],"about":[{"href":"http:\/\/perelloncs.com\/es\/wp-json\/wp\/v2\/types\/page"}],"author":[{"embeddable":true,"href":"http:\/\/perelloncs.com\/es\/wp-json\/wp\/v2\/users\/1"}],"replies":[{"embeddable":true,"href":"http:\/\/perelloncs.com\/es\/wp-json\/wp\/v2\/comments?post=304"}],"version-history":[{"count":6,"href":"http:\/\/perelloncs.com\/es\/wp-json\/wp\/v2\/pages\/304\/revisions"}],"predecessor-version":[{"id":411,"href":"http:\/\/perelloncs.com\/es\/wp-json\/wp\/v2\/pages\/304\/revisions\/411"}],"wp:attachment":[{"href":"http:\/\/perelloncs.com\/es\/wp-json\/wp\/v2\/media?parent=304"}],"curies":[{"name":"wp","href":"https:\/\/api.w.org\/{rel}","templated":true}]}}