{"id":32,"date":"2013-10-25T08:57:20","date_gmt":"2013-10-25T08:57:20","guid":{"rendered":"http:\/\/perelloncs.com\/?page_id=32"},"modified":"2016-01-15T09:54:18","modified_gmt":"2016-01-15T09:54:18","slug":"contacte","status":"publish","type":"page","link":"http:\/\/perelloncs.com\/es\/contacte\/","title":{"rendered":"CONTACTO"},"content":{"rendered":"<p><\/p>\n<table border=\"0\">\n<tbody>\n<tr>\n<td>\n<h4>E-MAIL<\/h4>\n<p><a href=\"mailto:josep@perelloncs.com\">josep@perelloncs.com<\/a><\/p>\n<p><a href=\"mailto:informacio@perelloncs.com\">informacio@perelloncs.com<\/a><\/p>\n<p><a href=\"mailto:cartasdeporte@perelloncs.com\">cartasdeporte@perelloncs.com<\/a><\/p>\n<p><a href=\"mailto:incidencias@perelloncs.com\">incidencias@perelloncs.com<\/a><\/p>\n<p><a href=\"mailto:datos@perelloncs.com\">datos@perelloncs.com<\/a><\/p>\n<p><a href=\"mailto:informatico@perelloncs.com\">informatico@perelloncs.com<\/a><\/td>\n<td>\n<h1>Tel\u00e9fono 24 horas 615182601<\/h1>\n<h4>CORREO POSTAL:<\/h4>\n<p>Moll Pr\u00edncep d&#8217;Espanya, S\/N <strong>Edifici Tersaco<\/strong>, Planta 2 &#8211; oficina 214 08039 Barcelona<\/p>\n<\/td>\n<\/tr>\n<\/tbody>\n<\/table>\n<div><iframe loading=\"lazy\" style=\"border: 0;\" src=\"https:\/\/www.google.com\/maps\/embed?pb=!1m24!1m12!1m3!1d2995.550109499073!2d2.1428394473769217!3d41.34039530457519!2m3!1f0!2f0!3f0!3m2!1i1024!2i768!4f13.1!4m9!3e6!4m3!3m2!1d41.340483!2d2.1456239999999998!4m3!3m2!1d41.3406589!2d2.1458329!5e0!3m2!1sca!2ses!4v1436257745471\" width=\"600\" height=\"450\" frameborder=\"0\" allowfullscreen=\"allowfullscreen\"><\/iframe><\/div>\n<div style=\"background-color: #eee; padding: 10px;\">\n<h2>Formulario de contacto:<\/h2>\n<div role=\"form\" class=\"wpcf7\" id=\"wpcf7-f268-o2\" dir=\"ltr\">\n<div class=\"screen-reader-response\"><\/div>\n<form action=\"\/es\/wp-json\/wp\/v2\/pages\/32#wpcf7-f268-o2\" method=\"post\" class=\"wpcf7-form\" novalidate=\"novalidate\">\n<div style=\"display: none;\">\n<input type=\"hidden\" name=\"_wpcf7\" value=\"268\" \/>\n<input type=\"hidden\" name=\"_wpcf7_version\" value=\"4.4.2\" \/>\n<input type=\"hidden\" name=\"_wpcf7_locale\" value=\"\" \/>\n<input type=\"hidden\" name=\"_wpcf7_unit_tag\" value=\"wpcf7-f268-o2\" \/>\n<input type=\"hidden\" name=\"_wpnonce\" value=\"f4121dcd8b\" \/>\n<\/div>\n<p>Nom<br \/>\n    <span class=\"wpcf7-form-control-wrap your-name\"><input type=\"text\" name=\"your-name\" value=\"\" size=\"40\" class=\"wpcf7-form-control wpcf7-text wpcf7-validates-as-required\" aria-required=\"true\" aria-invalid=\"false\" \/><\/span> <\/p>\n<p>Email<br \/>\n    <span class=\"wpcf7-form-control-wrap your-email\"><input type=\"email\" name=\"your-email\" value=\"\" size=\"40\" class=\"wpcf7-form-control wpcf7-text wpcf7-email wpcf7-validates-as-required wpcf7-validates-as-email\" aria-required=\"true\" aria-invalid=\"false\" \/><\/span> <\/p>\n<p>Assumpte<br \/>\n    <span class=\"wpcf7-form-control-wrap your-subject\"><input type=\"text\" name=\"your-subject\" value=\"\" size=\"40\" class=\"wpcf7-form-control wpcf7-text\" aria-invalid=\"false\" \/><\/span> <\/p>\n<p>Missatge<br \/>\n    <span class=\"wpcf7-form-control-wrap your-message\"><textarea name=\"your-message\" cols=\"40\" rows=\"10\" class=\"wpcf7-form-control wpcf7-textarea\" aria-invalid=\"false\"><\/textarea><\/span> <\/p>\n<p><input type=\"submit\" value=\"Send\" class=\"wpcf7-form-control wpcf7-submit\" \/><\/p>\n<p><span style=\"font-size:10px\">La informaci\u00f3n que Ud. nos facilita ser\u00e1 incluida en un Fichero de JOSEP ANTONI PERELLON ROJAS, con la finalidad de gestionar las consultas que nos haga y poder atenderle adecuadamente. Si lo desea puede ejercitar los derechos de acceso,  rectificaci\u00f3n, cancelaci\u00f3n y oposici\u00f3n, indic\u00e1ndolo por escrito a al mail <a href=\"mailto:informacio@perelloncs.com\">informacio@perelloncs.com<\/a><\/span><\/p>\n<div class=\"wpcf7-response-output wpcf7-display-none\"><\/div><\/form><\/div>\n<\/div>\n<p><\/p>","protected":false},"excerpt":{"rendered":"<p>E-MAIL josep@perelloncs.com informacio@perelloncs.com cartasdeporte@perelloncs.com incidencias@perelloncs.com datos@perelloncs.com informatico@perelloncs.com Tel\u00e9fono 24 horas 615182601 CORREO POSTAL: Moll Pr\u00edncep d&#8217;Espanya, S\/N Edifici Tersaco, Planta 2 &#8211; oficina 214 08039 Barcelona Formulario de contacto:<\/p>\n","protected":false},"author":1,"featured_media":0,"parent":0,"menu_order":7,"comment_status":"closed","ping_status":"closed","template":"","meta":[],"_links":{"self":[{"href":"http:\/\/perelloncs.com\/es\/wp-json\/wp\/v2\/pages\/32"}],"collection":[{"href":"http:\/\/perelloncs.com\/es\/wp-json\/wp\/v2\/pages"}],"about":[{"href":"http:\/\/perelloncs.com\/es\/wp-json\/wp\/v2\/types\/page"}],"author":[{"embeddable":true,"href":"http:\/\/perelloncs.com\/es\/wp-json\/wp\/v2\/users\/1"}],"replies":[{"embeddable":true,"href":"http:\/\/perelloncs.com\/es\/wp-json\/wp\/v2\/comments?post=32"}],"version-history":[{"count":40,"href":"http:\/\/perelloncs.com\/es\/wp-json\/wp\/v2\/pages\/32\/revisions"}],"predecessor-version":[{"id":438,"href":"http:\/\/perelloncs.com\/es\/wp-json\/wp\/v2\/pages\/32\/revisions\/438"}],"wp:attachment":[{"href":"http:\/\/perelloncs.com\/es\/wp-json\/wp\/v2\/media?parent=32"}],"curies":[{"name":"wp","href":"https:\/\/api.w.org\/{rel}","templated":true}]}}