{"id":439,"date":"2016-01-15T09:59:06","date_gmt":"2016-01-15T09:59:06","guid":{"rendered":"http:\/\/perelloncs.com\/?page_id=439"},"modified":"2016-01-15T10:00:26","modified_gmt":"2016-01-15T10:00:26","slug":"espanol-servicios","status":"publish","type":"page","link":"http:\/\/perelloncs.com\/es\/espanol-servicios\/","title":{"rendered":"SERVICIOS"},"content":{"rendered":"<p><\/p>\n<ul style=\"color: #999;\">\n<li>Auditor\u00eda Inicial.<\/li>\n<li>Designaci\u00f3n del Consejero de Seguridad.<\/li>\n<li>Elaboraci\u00f3n y presentaci\u00f3n del informe anual.<\/li>\n<li>Cartas de porte<\/li>\n<li>Formaci\u00f3n del personal encargado de la manipulaci\u00f3n, carga y descarga de MM.PP<\/li>\n<li>Revisi\u00f3n peri\u00f3dica de los equipos encargados del Transporte de MM.PP.<\/li>\n<li>Informe de accidentes y vertidos si hubiera.<\/li>\n<li>Recursos y alegaciones administrativas.<\/li>\n<li>Tel\u00e9fono Incidencias 24 horas.<\/li>\n<\/ul>\n<div style=\"background-color: #eee; padding: 10px;\">\n<h2>Formulario de contacto:<\/h2>\n<div role=\"form\" class=\"wpcf7\" id=\"wpcf7-f268-o2\" dir=\"ltr\">\n<div class=\"screen-reader-response\"><\/div>\n<form action=\"\/es\/wp-json\/wp\/v2\/pages\/439#wpcf7-f268-o2\" method=\"post\" class=\"wpcf7-form\" novalidate=\"novalidate\">\n<div style=\"display: none;\">\n<input type=\"hidden\" name=\"_wpcf7\" value=\"268\" \/>\n<input type=\"hidden\" name=\"_wpcf7_version\" value=\"4.4.2\" \/>\n<input type=\"hidden\" name=\"_wpcf7_locale\" value=\"\" \/>\n<input type=\"hidden\" name=\"_wpcf7_unit_tag\" value=\"wpcf7-f268-o2\" \/>\n<input type=\"hidden\" name=\"_wpnonce\" value=\"f4121dcd8b\" \/>\n<\/div>\n<p>Nom<br \/>\n    <span class=\"wpcf7-form-control-wrap your-name\"><input type=\"text\" name=\"your-name\" value=\"\" size=\"40\" class=\"wpcf7-form-control wpcf7-text wpcf7-validates-as-required\" aria-required=\"true\" aria-invalid=\"false\" \/><\/span> <\/p>\n<p>Email<br \/>\n    <span class=\"wpcf7-form-control-wrap your-email\"><input type=\"email\" name=\"your-email\" value=\"\" size=\"40\" class=\"wpcf7-form-control wpcf7-text wpcf7-email wpcf7-validates-as-required wpcf7-validates-as-email\" aria-required=\"true\" aria-invalid=\"false\" \/><\/span> <\/p>\n<p>Assumpte<br \/>\n    <span class=\"wpcf7-form-control-wrap your-subject\"><input type=\"text\" name=\"your-subject\" value=\"\" size=\"40\" class=\"wpcf7-form-control wpcf7-text\" aria-invalid=\"false\" \/><\/span> <\/p>\n<p>Missatge<br \/>\n    <span class=\"wpcf7-form-control-wrap your-message\"><textarea name=\"your-message\" cols=\"40\" rows=\"10\" class=\"wpcf7-form-control wpcf7-textarea\" aria-invalid=\"false\"><\/textarea><\/span> <\/p>\n<p><input type=\"submit\" value=\"Send\" class=\"wpcf7-form-control wpcf7-submit\" \/><\/p>\n<p><span style=\"font-size:10px\">La informaci\u00f3n que Ud. nos facilita ser\u00e1 incluida en un Fichero de JOSEP ANTONI PERELLON ROJAS, con la finalidad de gestionar las consultas que nos haga y poder atenderle adecuadamente. Si lo desea puede ejercitar los derechos de acceso,  rectificaci\u00f3n, cancelaci\u00f3n y oposici\u00f3n, indic\u00e1ndolo por escrito a al mail <a href=\"mailto:informacio@perelloncs.com\">informacio@perelloncs.com<\/a><\/span><\/p>\n<div class=\"wpcf7-response-output wpcf7-display-none\"><\/div><\/form><\/div>\n<\/div>\n<p><\/p>","protected":false},"excerpt":{"rendered":"<p>Auditor\u00eda Inicial. Designaci\u00f3n del Consejero de Seguridad. Elaboraci\u00f3n y presentaci\u00f3n del informe anual. Cartas de porte Formaci\u00f3n del personal encargado de la manipulaci\u00f3n, carga y descarga de MM.PP Revisi\u00f3n peri\u00f3dica de los equipos encargados del Transporte de MM.PP. Informe de accidentes y vertidos si hubiera. Recursos y alegaciones administrativas. Tel\u00e9fono Incidencias 24 horas. Formulario de [&hellip;]<\/p>\n","protected":false},"author":1,"featured_media":0,"parent":0,"menu_order":1,"comment_status":"open","ping_status":"open","template":"","meta":[],"_links":{"self":[{"href":"http:\/\/perelloncs.com\/es\/wp-json\/wp\/v2\/pages\/439"}],"collection":[{"href":"http:\/\/perelloncs.com\/es\/wp-json\/wp\/v2\/pages"}],"about":[{"href":"http:\/\/perelloncs.com\/es\/wp-json\/wp\/v2\/types\/page"}],"author":[{"embeddable":true,"href":"http:\/\/perelloncs.com\/es\/wp-json\/wp\/v2\/users\/1"}],"replies":[{"embeddable":true,"href":"http:\/\/perelloncs.com\/es\/wp-json\/wp\/v2\/comments?post=439"}],"version-history":[{"count":2,"href":"http:\/\/perelloncs.com\/es\/wp-json\/wp\/v2\/pages\/439\/revisions"}],"predecessor-version":[{"id":442,"href":"http:\/\/perelloncs.com\/es\/wp-json\/wp\/v2\/pages\/439\/revisions\/442"}],"wp:attachment":[{"href":"http:\/\/perelloncs.com\/es\/wp-json\/wp\/v2\/media?parent=439"}],"curies":[{"name":"wp","href":"https:\/\/api.w.org\/{rel}","templated":true}]}}