{"id":47,"date":"2013-10-25T09:27:01","date_gmt":"2013-10-25T09:27:01","guid":{"rendered":"http:\/\/perelloncs.com\/?page_id=47"},"modified":"2016-06-28T08:15:23","modified_gmt":"2016-06-28T08:15:23","slug":"formacio","status":"publish","type":"page","link":"http:\/\/perelloncs.com\/es\/formacio\/","title":{"rendered":"FORMACI\u00d3N"},"content":{"rendered":"<p><\/p>\n<h3>CAP 35h<\/h3>\n<h3><img decoding=\"async\" style=\"width: 680px; height: 278px;\" src=\"http:\/\/www.autoescuela-barcelona.com\/cmsfiles\/images\/CAP CONTINUA JULIO(7).jpg\" alt=\"\" \/><\/h3>\n<h3>CAP INICIAL 140h<\/h3>\n<h3><img decoding=\"async\" style=\"width: 680px; height: 303px;\" src=\"http:\/\/www.autoescuela-barcelona.com\/cmsfiles\/images\/CAP INICIAL JUNIO 2016.jpg.jpg.jpg\" alt=\"\" \/><\/h3>\n<h3>CAP AMPLIACI\u00d3N<\/h3>\n<h3><img decoding=\"async\" style=\"width: 680px; height: 306px;\" src=\"http:\/\/www.autoescuela-barcelona.com\/cmsfiles\/images\/CAP AMPLIACION AGOSTO.jpg\" alt=\"\" \/><\/h3>\n<h3>ADR OBTENCI\u00d3N<\/h3>\n<h3><img decoding=\"async\" style=\"width: 680px; height: 262px;\" src=\"http:\/\/www.autoescuela-barcelona.com\/cmsfiles\/images\/OBTENCION ADR JULIO 2016.jpg\" alt=\"\" \/><\/h3>\n<h3>ADR RENOVACI\u00d3N<\/h3>\n<h3><img decoding=\"async\" style=\"width: 680px; height: 198px;\" src=\"http:\/\/www.autoescuela-barcelona.com\/cmsfiles\/images\/RENOVACION%20ADR%20JULIO%202016.jpg\" alt=\"\" \/><\/h3>\n<p><\/p>","protected":false},"excerpt":{"rendered":"<p>CAP 35h CAP INICIAL 140h CAP AMPLIACI\u00d3N ADR OBTENCI\u00d3N ADR RENOVACI\u00d3N<\/p>\n","protected":false},"author":1,"featured_media":0,"parent":0,"menu_order":5,"comment_status":"closed","ping_status":"closed","template":"","meta":[],"_links":{"self":[{"href":"http:\/\/perelloncs.com\/es\/wp-json\/wp\/v2\/pages\/47"}],"collection":[{"href":"http:\/\/perelloncs.com\/es\/wp-json\/wp\/v2\/pages"}],"about":[{"href":"http:\/\/perelloncs.com\/es\/wp-json\/wp\/v2\/types\/page"}],"author":[{"embeddable":true,"href":"http:\/\/perelloncs.com\/es\/wp-json\/wp\/v2\/users\/1"}],"replies":[{"embeddable":true,"href":"http:\/\/perelloncs.com\/es\/wp-json\/wp\/v2\/comments?post=47"}],"version-history":[{"count":32,"href":"http:\/\/perelloncs.com\/es\/wp-json\/wp\/v2\/pages\/47\/revisions"}],"predecessor-version":[{"id":512,"href":"http:\/\/perelloncs.com\/es\/wp-json\/wp\/v2\/pages\/47\/revisions\/512"}],"wp:attachment":[{"href":"http:\/\/perelloncs.com\/es\/wp-json\/wp\/v2\/media?parent=47"}],"curies":[{"name":"wp","href":"https:\/\/api.w.org\/{rel}","templated":true}]}}