{"id":5,"date":"2013-10-16T12:04:21","date_gmt":"2013-10-16T12:04:21","guid":{"rendered":"http:\/\/perelloncs.com\/?page_id=5"},"modified":"2016-03-16T15:25:18","modified_gmt":"2016-03-16T15:25:18","slug":"inici","status":"publish","type":"page","link":"http:\/\/perelloncs.com\/es\/","title":{"rendered":"INICIO"},"content":{"rendered":"<p><\/p>\n<div><span style=\"color: #999; font-size: 16px; font-family: arial;\">Somos una empresa dedicada a los servicios de asesor\u00eda y revisi\u00f3n de personal y equipos de transporte de mercanc\u00edas peligrosas por carretera.<\/span><\/div>\n<div>\n<h3 style=\"color: #999;\">Si eres aut\u00f3nomo transportista y realizas transporte ADR, necesitas un Consejero de Seguridad.<\/h3>\n<h3 style=\"color: #999;\">Qu\u00e9 es un C. S.?<\/h3>\n<p style=\"color: #999;\">\u201cR. D. 97\/2014 toda empresa que realice transporte, carga o descarga de Mercanc\u00edas Peligrosas habr\u00e1 de disponer de uno o varios consejeros de seguridad encargados de contribuir en la prevenci\u00f3n de los riesgos inherentes al transporte de mercanc\u00edas peligrosas.\u201d El conseller de seguretat \u00e9s el responsable de que tota la informaci\u00f3 del A.D.R. vigent(2013) estigui en disposici\u00f3 de la empresa per tal que aquesta pugui complir amb la legislaci\u00f3 pertinent.<\/p>\n<\/div>\n<p>Tel\u00e9fono\u00a0oficina: 93 223 51 49<\/p>\n<p>Tel\u00e9fono de incidencias: 615 182 601<br \/>\n<a href=\"mailto:informacio@perelloncs.com\">informacio@perelloncs.com<\/a><\/p>","protected":false},"excerpt":{"rendered":"<p>Somos una empresa dedicada a los servicios de asesor\u00eda y revisi\u00f3n de personal y equipos de transporte de mercanc\u00edas peligrosas por carretera. Si eres aut\u00f3nomo transportista y realizas transporte ADR, necesitas un Consejero de Seguridad. Qu\u00e9 es un C. S.? \u201cR. D. 97\/2014 toda empresa que realice transporte, carga o descarga de Mercanc\u00edas Peligrosas habr\u00e1 [&hellip;]<\/p>\n","protected":false},"author":1,"featured_media":0,"parent":0,"menu_order":0,"comment_status":"closed","ping_status":"closed","template":"","meta":[],"_links":{"self":[{"href":"http:\/\/perelloncs.com\/es\/wp-json\/wp\/v2\/pages\/5"}],"collection":[{"href":"http:\/\/perelloncs.com\/es\/wp-json\/wp\/v2\/pages"}],"about":[{"href":"http:\/\/perelloncs.com\/es\/wp-json\/wp\/v2\/types\/page"}],"author":[{"embeddable":true,"href":"http:\/\/perelloncs.com\/es\/wp-json\/wp\/v2\/users\/1"}],"replies":[{"embeddable":true,"href":"http:\/\/perelloncs.com\/es\/wp-json\/wp\/v2\/comments?post=5"}],"version-history":[{"count":60,"href":"http:\/\/perelloncs.com\/es\/wp-json\/wp\/v2\/pages\/5\/revisions"}],"predecessor-version":[{"id":459,"href":"http:\/\/perelloncs.com\/es\/wp-json\/wp\/v2\/pages\/5\/revisions\/459"}],"wp:attachment":[{"href":"http:\/\/perelloncs.com\/es\/wp-json\/wp\/v2\/media?parent=5"}],"curies":[{"name":"wp","href":"https:\/\/api.w.org\/{rel}","templated":true}]}}